{"id":849,"date":"2022-10-18T17:35:43","date_gmt":"2022-10-18T20:35:43","guid":{"rendered":"https:\/\/artesvisualessanmiguel-bue.infd.edu.ar\/sitio\/?page_id=849"},"modified":"2022-11-17T09:52:43","modified_gmt":"2022-11-17T12:52:43","slug":"ingreso-ciclo-lectivo-2023","status":"publish","type":"page","link":"https:\/\/artesvisualessanmiguel-bue.infd.edu.ar\/sitio\/ingreso-ciclo-lectivo-2023\/","title":{"rendered":"INGRESO CICLO LECTIVO 2023"},"content":{"rendered":"\n<p class=\"has-text-align-center\"><strong>PROCEDIMIENTO para<br>Preinscripci\u00f3n ASPIRANTES DE FOBA 2023<\/strong><\/p>\n\n\n\n<p>\u2022 La inscripci\u00f3n de aspirantes a FOBA se realizar\u00e1 por medio de un formulario<br>google a partir del d\u00eda 01 de noviembre al 29 de diciembre de 2022.<\/p>\n\n\n\n<p><a href=\"https:\/\/docs.google.com\/forms\/d\/1M0Uk8YCiXI9x3xVAQZTC8Zq96G5j-5zzocNkb25TsWk\" data-type=\"URL\" data-id=\"https:\/\/docs.google.com\/forms\/d\/1M0Uk8YCiXI9x3xVAQZTC8Zq96G5j-5zzocNkb25TsWk\">https:\/\/docs.google.com\/forms\/d\/1M0Uk8YCiXI9x3xVAQZTC8Zq96G5j-5zzocNkb25TsWk<\/a><\/p>\n\n\n\n<p><br>\u2022 PARA LA PREINSCRIPCI\u00d3N DEBER\u00c1N ELEGIR SOLAMENTE UN TURNO. LA<br>ELECCI\u00d3N DEL MISMO SEG\u00d9N la necesidad o preferencia del aspirante. NO<br>PODR\u00c0 INSCRIBIRSE A LOS DOS TURNOS, SER\u00c1 TOMADA COMO INV\u00c1LIDA,<br>aquella preinscripci\u00f3n realizada en AMBOS turnos, por un mismo aspirante,<br>as\u00ed como tambi\u00e9n aquellos aspirantes que realicen inscripciones con correos<br>diferentes.<br>\u2022 Ser\u00e1 v\u00e1lida una sola inscripci\u00f3n por aspirante.<br>\u2022 Cada pre-inscripci\u00f3n tiene como n\u00famero de orden para el LISTADO<br>DEFINITIVO, las tres \u00faltimas cifras del DNI del interesado. (deben marcar el<br>turno a elecci\u00f3n).<br>\u2022 Se tomar\u00e1 como referencia las 3 \u00faltimas cifras del PRIMER PREMIO DEL<br>SORTEO DE LA LOTER\u00cdA DE LA PROVINCIA DE BS. AS. NOCTURNA DEL D\u00cdA<br>VIERNES 30 DE DICIEMBRE DE 2022 (21 HS).<br>\u2022 Se ubicar\u00e1 ese n\u00famero de tres cifras, como PRIMER LUGAR EN LAS LISTA DE<br>VACANTES ASIGNADAS. A partir de ese n\u00famero, y por orden num\u00e9rico<br>ascendente, se ir\u00e1n asignando las vacantes (65 por turno), haciendo un total<br>de 130, (vacantes).<br>\u2022 Estos listados completos se podr\u00e1n visualizar en el Facebook oficial de la<br>Escuela, as\u00ed como tambi\u00e9n en la cartelera del establecimiento, (puerta), que<br>podr\u00e1n consultar de manera presencial, a partir del d\u00eda mi\u00e9rcoles 15 de<br>Febrero.<br>\u2022 Aquellos que obtengan las vacantes, deber\u00e1n asistir a la reuni\u00f3n de<br>presentaci\u00f3n presencial que se realizar\u00e1 el d\u00eda viernes 17 de Febrero a las<br>13.00 hs, turno tarde, 18.00 hs turno noche.<br>\u2022 En esta reuni\u00f3n se les entregar\u00e1 la documentaci\u00f3n necesaria para confirmar<br>la vacante, desde el 22 de febrero al 28 de febrero, LA CUAL DEBER\u00c1N traer<br>por la ma\u00f1ana a la instituci\u00f3n y ENVIAR COMPLETA, a<br>preceptoria.eav.manana@gmail.com. De no cumplimentar con dicha<br>documentaci\u00f3n se perder\u00e1 la vacante.<br>\u2022 La designaci\u00f3n de la vacante quedar\u00e1 sujeta a la presentaci\u00f3n a la fecha de<br>inscripci\u00f3n, ficha de datos, t\u00edtulo secundario original y copia, o certificado de<br>materias aprobadas, original y copia, o certificado de t\u00edtulo en tr\u00e1mite,<br>original y copia.<br>\u2022 Una vez comenzado el ciclo lectivo, si las\/los estudiantes no se presentan<br>dentro de los 3 d\u00edas h\u00e1biles, perder\u00e1n la vacante asignada por sorteo, y<br>autom\u00e1ticamente pasar\u00e1 a ocupar la vacante liberada, aquel aspirante que se<br>encuentre en la lista de espera.<\/p>\n\n\n\n<p>Lista de Espera:<br>\u2022 A partir del mi\u00e9rcoles 01 de Marzo se comenzar\u00e1 a llamar a las\/los aspirantes<br>de lista de espera si se produjera alguna deserci\u00f3n.<br>\u2022 Dicha lista de espera estar\u00e1 conformada por los aspirantes que quedaron sin<br>vacante, de las 65 asignadas por sorteo en el mes de diciembre de 2022.<\/p>\n\n\n\n<p>\u2022 La comunicaci\u00f3n con las\/los aspirantes se realizar\u00e1 fehacientemente por e-<br>mail, el mismo deber\u00e1 ser contestado dentro de las 48hs de recibido,<\/p>\n\n\n\n<p>consignando aceptaci\u00f3n o no de la vacante. Pasadas las 48 hs y no habiendo<br>recibido respuesta del mismo, quedar\u00e1 sin efecto y se proceder\u00e1 a llamar al<br>siguiente aspirante en lista de espera.<br>\u2022 Aquellos aspirantes que habiendo obtenido la vacante y se hayan inscripto de<br>definitivamente en el periodo de Febrero, que no se presenten al inicio del<br>ciclo lectivo, tendr\u00e1n 3, (tres) d\u00edas h\u00e1biles para informar la inasistencia y<br>justificar la misma, de lo contrario perder\u00e1n la vacante y llamara al aspirante<br>de la lista de espera que se encuentre en orden de espera.<br>\u2022 Se llamar\u00e1 a las\/los aspirantes de la lista de espera desde el Mi\u00e9rcoles 01 de<br>Marzo hasta el 28 de abril de 2023.<\/p>\n\n\n\n<p>inscripcioneseav2023@gmail.com<\/p>\n\n\n\n<p><\/p>\n\n\n\n<p> <\/p>\n","protected":false},"excerpt":{"rendered":"<p>PROCEDIMIENTO paraPreinscripci\u00f3n ASPIRANTES DE FOBA 2023 \u2022 La inscripci\u00f3n de aspirantes a FOBA se realizar\u00e1 por medio de un formulariogoogle a partir del d\u00eda 01 de noviembre al 29 de diciembre de 2022. https:\/\/docs.google.com\/forms\/d\/1M0Uk8YCiXI9x3xVAQZTC8Zq96G5j-5zzocNkb25TsWk \u2022 PARA LA PREINSCRIPCI\u00d3N DEBER\u00c1N ELEGIR SOLAMENTE UN TURNO. LAELECCI\u00d3N DEL MISMO SEG\u00d9N la necesidad o preferencia del aspirante. NOPODR\u00c0 INSCRIBIRSE &#8230; <a title=\"INGRESO CICLO LECTIVO 2023\" class=\"read-more\" href=\"https:\/\/artesvisualessanmiguel-bue.infd.edu.ar\/sitio\/ingreso-ciclo-lectivo-2023\/\" aria-label=\"M\u00e1s en INGRESO CICLO LECTIVO 2023\">[+]<\/a><\/p>\n","protected":false},"author":13,"featured_media":0,"parent":0,"menu_order":0,"comment_status":"closed","ping_status":"closed","template":"","meta":[],"acf":[],"_links":{"self":[{"href":"https:\/\/artesvisualessanmiguel-bue.infd.edu.ar\/sitio\/wp-json\/wp\/v2\/pages\/849"}],"collection":[{"href":"https:\/\/artesvisualessanmiguel-bue.infd.edu.ar\/sitio\/wp-json\/wp\/v2\/pages"}],"about":[{"href":"https:\/\/artesvisualessanmiguel-bue.infd.edu.ar\/sitio\/wp-json\/wp\/v2\/types\/page"}],"author":[{"embeddable":true,"href":"https:\/\/artesvisualessanmiguel-bue.infd.edu.ar\/sitio\/wp-json\/wp\/v2\/users\/13"}],"replies":[{"embeddable":true,"href":"https:\/\/artesvisualessanmiguel-bue.infd.edu.ar\/sitio\/wp-json\/wp\/v2\/comments?post=849"}],"version-history":[{"count":4,"href":"https:\/\/artesvisualessanmiguel-bue.infd.edu.ar\/sitio\/wp-json\/wp\/v2\/pages\/849\/revisions"}],"predecessor-version":[{"id":882,"href":"https:\/\/artesvisualessanmiguel-bue.infd.edu.ar\/sitio\/wp-json\/wp\/v2\/pages\/849\/revisions\/882"}],"wp:attachment":[{"href":"https:\/\/artesvisualessanmiguel-bue.infd.edu.ar\/sitio\/wp-json\/wp\/v2\/media?parent=849"}],"curies":[{"name":"wp","href":"https:\/\/api.w.org\/{rel}","templated":true}]}}