{"id":839,"date":"2022-03-30T23:49:51","date_gmt":"2022-03-31T02:49:51","guid":{"rendered":"https:\/\/artesvisualessanmiguel-bue.infd.edu.ar\/sitio\/?page_id=839"},"modified":"2022-10-18T18:40:18","modified_gmt":"2022-10-18T21:40:18","slug":"cai","status":"publish","type":"page","link":"https:\/\/artesvisualessanmiguel-bue.infd.edu.ar\/sitio\/cai\/","title":{"rendered":"CAI"},"content":{"rendered":"\n<p>NORMATIVA DE CAI<\/p>\n\n\n\n<div class=\"wp-block-file\"><a href=\"https:\/\/artesvisualessanmiguel-bue.infd.edu.ar\/sitio\/wp-content\/uploads\/2022\/03\/res_4044cai.pdf\">res_4044cai<\/a><a href=\"https:\/\/artesvisualessanmiguel-bue.infd.edu.ar\/sitio\/wp-content\/uploads\/2022\/03\/res_4044cai.pdf\" class=\"wp-block-file__button\" download>Descarga<\/a><\/div>\n\n\n\n<p><strong>Claustro Docente<\/strong><br>Titulares<br>Claudia Ocker<br>Biglia Luciano<br>Frojan Marcela<br>Salvan In\u00e9s<br>Tarditti Mariana<br>Rodr\u00edguez Liliana<\/p>\n\n\n\n<p>Suplentes:<br>Melchiori Adriana<br>Sosa Francisco<br>Mey Claudia<br>Tissera Eliana<br>Pietrafita Paula<br>Frascarolli, Antonella<\/p>\n\n\n\n<p><strong>Claustro Estudiantes<\/strong><\/p>\n\n\n\n<p>Titulares<br>Quintana Gladys<br>Vargas Mailen<br>Ortega Wendy<br>Mobrici Melany<br>Bruno Camila<br>Suplentes<br>Sosa Roni Keith<br>Gavil\u00e1n Katerina<br>Villavicencio Melina<br>Romerg Ingrid<br>Veloso Joel Alexis<\/p>\n\n\n\n<p><strong>Claustro No docente<\/strong><br>Titulares<br>Fern\u00e1ndez Franco<br>Chancay Luciana<br>Suplentes<br>Chancay Milagros<br>N\u00fa\u00f1ez Valeria<\/p>\n","protected":false},"excerpt":{"rendered":"<p>NORMATIVA DE CAI Claustro DocenteTitularesClaudia OckerBiglia LucianoFrojan MarcelaSalvan In\u00e9sTarditti MarianaRodr\u00edguez Liliana Suplentes:Melchiori AdrianaSosa FranciscoMey ClaudiaTissera ElianaPietrafita PaulaFrascarolli, Antonella Claustro Estudiantes TitularesQuintana GladysVargas MailenOrtega WendyMobrici MelanyBruno CamilaSuplentesSosa Roni KeithGavil\u00e1n KaterinaVillavicencio MelinaRomerg IngridVeloso Joel Alexis Claustro No docenteTitularesFern\u00e1ndez FrancoChancay LucianaSuplentesChancay MilagrosN\u00fa\u00f1ez Valeria<\/p>\n","protected":false},"author":13,"featured_media":0,"parent":0,"menu_order":0,"comment_status":"closed","ping_status":"closed","template":"","meta":[],"acf":[],"_links":{"self":[{"href":"https:\/\/artesvisualessanmiguel-bue.infd.edu.ar\/sitio\/wp-json\/wp\/v2\/pages\/839"}],"collection":[{"href":"https:\/\/artesvisualessanmiguel-bue.infd.edu.ar\/sitio\/wp-json\/wp\/v2\/pages"}],"about":[{"href":"https:\/\/artesvisualessanmiguel-bue.infd.edu.ar\/sitio\/wp-json\/wp\/v2\/types\/page"}],"author":[{"embeddable":true,"href":"https:\/\/artesvisualessanmiguel-bue.infd.edu.ar\/sitio\/wp-json\/wp\/v2\/users\/13"}],"replies":[{"embeddable":true,"href":"https:\/\/artesvisualessanmiguel-bue.infd.edu.ar\/sitio\/wp-json\/wp\/v2\/comments?post=839"}],"version-history":[{"count":2,"href":"https:\/\/artesvisualessanmiguel-bue.infd.edu.ar\/sitio\/wp-json\/wp\/v2\/pages\/839\/revisions"}],"predecessor-version":[{"id":871,"href":"https:\/\/artesvisualessanmiguel-bue.infd.edu.ar\/sitio\/wp-json\/wp\/v2\/pages\/839\/revisions\/871"}],"wp:attachment":[{"href":"https:\/\/artesvisualessanmiguel-bue.infd.edu.ar\/sitio\/wp-json\/wp\/v2\/media?parent=839"}],"curies":[{"name":"wp","href":"https:\/\/api.w.org\/{rel}","templated":true}]}}